{"id":36,"date":"2023-09-06T19:27:17","date_gmt":"2023-09-06T19:27:17","guid":{"rendered":"https:\/\/cesog.net\/?page_id=36"},"modified":"2023-11-10T16:13:00","modified_gmt":"2023-11-10T16:13:00","slug":"quienes-somos","status":"publish","type":"page","link":"https:\/\/cesog.net\/index.php\/quienes-somos\/","title":{"rendered":"Acerca de"},"content":{"rendered":"\n<p class=\"has-text-align-left\">El Centro de Estudios del Orden Global (CESOG) se aboca al an\u00e1lisis del capitalismo mundial en su etapa globalizada, consider\u00e1ndolo como un sistema socioecon\u00f3mico totalizador cuyas partes constitutivas adquieren su naturaleza espec\u00edfica desde por lo menos los a\u00f1os 1970, transitando actualmente a una importante transformaci\u00f3n por las fuertes tensiones en las siguientes subestructuras: cambio tecnol\u00f3gico, normatividad neoliberal, mercado mundial, din\u00e1mica del sector financiero, cadenas globales de valor, conflictividad social, endeudamiento estatal, migraci\u00f3n, lucha geopol\u00edtica e impacto ambiental. La necesidad de unificar esfuerzos para explicar y dar respuestas a las interrogantes de nuestra realidad, desde un enfoque hist\u00f3rico-sist\u00e9mico, es el fundamento de la conformaci\u00f3n de este grupo multidisciplinario e interinstitucional de investigaci\u00f3n con sede en la Facultad de Econom\u00eda de la UNAM. Cuenta con la participaci\u00f3n de acad\u00e9micos e investigadores de diferentes universidades del pa\u00eds, as\u00ed como expertos radicados en Argentina, Brasil, Canad\u00e1, Espa\u00f1a, China e India.<\/p>\n\n\n\n<h2 class=\"wp-block-heading\">Objetivo<\/h2>\n\n\n\n<p>El CESOG tiene por objetivo desarrollar un programa de investigaci\u00f3n interdisciplinario e interinstitucional dedicado al estudio del orden global y de los diversos subniveles que lo componen, a partir de una visi\u00f3n progresiva, coherente e integral espec\u00edficamente desde la perspectiva de los pa\u00edses en desarrollo y, particularmente, de M\u00e9xico.<\/p>\n\n\n\n<figure class=\"wp-block-image size-large\"><img loading=\"lazy\" decoding=\"async\" width=\"913\" height=\"1024\" src=\"https:\/\/cesog.net\/wp-content\/uploads\/2023\/10\/logoCESOGHorizontalrojo-1-913x1024.jpg\" alt=\"\" class=\"wp-image-283\" srcset=\"https:\/\/cesog.net\/wp-content\/uploads\/2023\/10\/logoCESOGHorizontalrojo-1-913x1024.jpg 913w, https:\/\/cesog.net\/wp-content\/uploads\/2023\/10\/logoCESOGHorizontalrojo-1-267x300.jpg 267w, https:\/\/cesog.net\/wp-content\/uploads\/2023\/10\/logoCESOGHorizontalrojo-1-768x862.jpg 768w, https:\/\/cesog.net\/wp-content\/uploads\/2023\/10\/logoCESOGHorizontalrojo-1.jpg 1026w\" sizes=\"auto, (max-width: 913px) 100vw, 913px\" \/><\/figure>\n","protected":false},"excerpt":{"rendered":"<p>El Centro de Estudios del Orden Global (CESOG) se aboca al an\u00e1lisis del capitalismo mundial en su etapa globalizada, consider\u00e1ndolo como un sistema socioecon\u00f3mico totalizador cuyas partes constitutivas adquieren su naturaleza espec\u00edfica desde por lo menos los a\u00f1os 1970, transitando actualmente a una importante transformaci\u00f3n por las fuertes tensiones en las siguientes subestructuras: cambio tecnol\u00f3gico, [&hellip;]<\/p>\n","protected":false},"author":1,"featured_media":0,"parent":0,"menu_order":0,"comment_status":"closed","ping_status":"closed","template":"","meta":{"footnotes":""},"class_list":["post-36","page","type-page","status-publish","hentry"],"yoast_head":"<!-- This site is optimized with the Yoast SEO plugin v25.6 - https:\/\/yoast.com\/wordpress\/plugins\/seo\/ -->\n<title>Acerca de - Centro de Estudios del Orden Global<\/title>\n<meta name=\"robots\" content=\"index, follow, max-snippet:-1, max-image-preview:large, max-video-preview:-1\" \/>\n<link rel=\"canonical\" href=\"https:\/\/cesog.net\/index.php\/quienes-somos\/\" \/>\n<meta property=\"og:locale\" content=\"es_MX\" \/>\n<meta property=\"og:type\" content=\"article\" \/>\n<meta property=\"og:title\" content=\"Acerca de - Centro de Estudios del Orden Global\" \/>\n<meta property=\"og:description\" content=\"El Centro de Estudios del Orden Global (CESOG) se aboca al an\u00e1lisis del capitalismo mundial en su etapa globalizada, consider\u00e1ndolo como un sistema socioecon\u00f3mico totalizador cuyas partes constitutivas adquieren su naturaleza espec\u00edfica desde por lo menos los a\u00f1os 1970, transitando actualmente a una importante transformaci\u00f3n por las fuertes tensiones en las siguientes subestructuras: cambio tecnol\u00f3gico, [&hellip;]\" \/>\n<meta property=\"og:url\" content=\"https:\/\/cesog.net\/index.php\/quienes-somos\/\" \/>\n<meta property=\"og:site_name\" content=\"Centro de Estudios del Orden Global\" \/>\n<meta property=\"article:modified_time\" content=\"2023-11-10T16:13:00+00:00\" \/>\n<meta property=\"og:image\" content=\"https:\/\/cesog.net\/wp-content\/uploads\/2023\/10\/logoCESOGHorizontalrojo-1-913x1024.jpg\" \/>\n<meta name=\"twitter:card\" content=\"summary_large_image\" \/>\n<meta name=\"twitter:label1\" content=\"Tiempo de lectura\" \/>\n\t<meta name=\"twitter:data1\" content=\"2 minutos\" \/>\n<script type=\"application\/ld+json\" class=\"yoast-schema-graph\">{\"@context\":\"https:\/\/schema.org\",\"@graph\":[{\"@type\":\"WebPage\",\"@id\":\"https:\/\/cesog.net\/index.php\/quienes-somos\/\",\"url\":\"https:\/\/cesog.net\/index.php\/quienes-somos\/\",\"name\":\"Acerca de - Centro de Estudios del Orden Global\",\"isPartOf\":{\"@id\":\"https:\/\/cesog.net\/#website\"},\"primaryImageOfPage\":{\"@id\":\"https:\/\/cesog.net\/index.php\/quienes-somos\/#primaryimage\"},\"image\":{\"@id\":\"https:\/\/cesog.net\/index.php\/quienes-somos\/#primaryimage\"},\"thumbnailUrl\":\"https:\/\/cesog.net\/wp-content\/uploads\/2023\/10\/logoCESOGHorizontalrojo-1-913x1024.jpg\",\"datePublished\":\"2023-09-06T19:27:17+00:00\",\"dateModified\":\"2023-11-10T16:13:00+00:00\",\"breadcrumb\":{\"@id\":\"https:\/\/cesog.net\/index.php\/quienes-somos\/#breadcrumb\"},\"inLanguage\":\"es\",\"potentialAction\":[{\"@type\":\"ReadAction\",\"target\":[\"https:\/\/cesog.net\/index.php\/quienes-somos\/\"]}]},{\"@type\":\"ImageObject\",\"inLanguage\":\"es\",\"@id\":\"https:\/\/cesog.net\/index.php\/quienes-somos\/#primaryimage\",\"url\":\"https:\/\/cesog.net\/wp-content\/uploads\/2023\/10\/logoCESOGHorizontalrojo-1.jpg\",\"contentUrl\":\"https:\/\/cesog.net\/wp-content\/uploads\/2023\/10\/logoCESOGHorizontalrojo-1.jpg\",\"width\":1026,\"height\":1151},{\"@type\":\"BreadcrumbList\",\"@id\":\"https:\/\/cesog.net\/index.php\/quienes-somos\/#breadcrumb\",\"itemListElement\":[{\"@type\":\"ListItem\",\"position\":1,\"name\":\"Portada\",\"item\":\"https:\/\/cesog.net\/\"},{\"@type\":\"ListItem\",\"position\":2,\"name\":\"Acerca de\"}]},{\"@type\":\"WebSite\",\"@id\":\"https:\/\/cesog.net\/#website\",\"url\":\"https:\/\/cesog.net\/\",\"name\":\"Centro de Estudios del Orden Global\",\"description\":\"\",\"potentialAction\":[{\"@type\":\"SearchAction\",\"target\":{\"@type\":\"EntryPoint\",\"urlTemplate\":\"https:\/\/cesog.net\/?s={search_term_string}\"},\"query-input\":{\"@type\":\"PropertyValueSpecification\",\"valueRequired\":true,\"valueName\":\"search_term_string\"}}],\"inLanguage\":\"es\"}]}<\/script>\n<!-- \/ Yoast SEO plugin. -->","yoast_head_json":{"title":"Acerca de - Centro de Estudios del Orden Global","robots":{"index":"index","follow":"follow","max-snippet":"max-snippet:-1","max-image-preview":"max-image-preview:large","max-video-preview":"max-video-preview:-1"},"canonical":"https:\/\/cesog.net\/index.php\/quienes-somos\/","og_locale":"es_MX","og_type":"article","og_title":"Acerca de - Centro de Estudios del Orden Global","og_description":"El Centro de Estudios del Orden Global (CESOG) se aboca al an\u00e1lisis del capitalismo mundial en su etapa globalizada, consider\u00e1ndolo como un sistema socioecon\u00f3mico totalizador cuyas partes constitutivas adquieren su naturaleza espec\u00edfica desde por lo menos los a\u00f1os 1970, transitando actualmente a una importante transformaci\u00f3n por las fuertes tensiones en las siguientes subestructuras: cambio tecnol\u00f3gico, [&hellip;]","og_url":"https:\/\/cesog.net\/index.php\/quienes-somos\/","og_site_name":"Centro de Estudios del Orden Global","article_modified_time":"2023-11-10T16:13:00+00:00","og_image":[{"url":"https:\/\/cesog.net\/wp-content\/uploads\/2023\/10\/logoCESOGHorizontalrojo-1-913x1024.jpg","type":"","width":"","height":""}],"twitter_card":"summary_large_image","twitter_misc":{"Tiempo de lectura":"2 minutos"},"schema":{"@context":"https:\/\/schema.org","@graph":[{"@type":"WebPage","@id":"https:\/\/cesog.net\/index.php\/quienes-somos\/","url":"https:\/\/cesog.net\/index.php\/quienes-somos\/","name":"Acerca de - Centro de Estudios del Orden Global","isPartOf":{"@id":"https:\/\/cesog.net\/#website"},"primaryImageOfPage":{"@id":"https:\/\/cesog.net\/index.php\/quienes-somos\/#primaryimage"},"image":{"@id":"https:\/\/cesog.net\/index.php\/quienes-somos\/#primaryimage"},"thumbnailUrl":"https:\/\/cesog.net\/wp-content\/uploads\/2023\/10\/logoCESOGHorizontalrojo-1-913x1024.jpg","datePublished":"2023-09-06T19:27:17+00:00","dateModified":"2023-11-10T16:13:00+00:00","breadcrumb":{"@id":"https:\/\/cesog.net\/index.php\/quienes-somos\/#breadcrumb"},"inLanguage":"es","potentialAction":[{"@type":"ReadAction","target":["https:\/\/cesog.net\/index.php\/quienes-somos\/"]}]},{"@type":"ImageObject","inLanguage":"es","@id":"https:\/\/cesog.net\/index.php\/quienes-somos\/#primaryimage","url":"https:\/\/cesog.net\/wp-content\/uploads\/2023\/10\/logoCESOGHorizontalrojo-1.jpg","contentUrl":"https:\/\/cesog.net\/wp-content\/uploads\/2023\/10\/logoCESOGHorizontalrojo-1.jpg","width":1026,"height":1151},{"@type":"BreadcrumbList","@id":"https:\/\/cesog.net\/index.php\/quienes-somos\/#breadcrumb","itemListElement":[{"@type":"ListItem","position":1,"name":"Portada","item":"https:\/\/cesog.net\/"},{"@type":"ListItem","position":2,"name":"Acerca de"}]},{"@type":"WebSite","@id":"https:\/\/cesog.net\/#website","url":"https:\/\/cesog.net\/","name":"Centro de Estudios del Orden Global","description":"","potentialAction":[{"@type":"SearchAction","target":{"@type":"EntryPoint","urlTemplate":"https:\/\/cesog.net\/?s={search_term_string}"},"query-input":{"@type":"PropertyValueSpecification","valueRequired":true,"valueName":"search_term_string"}}],"inLanguage":"es"}]}},"_links":{"self":[{"href":"https:\/\/cesog.net\/index.php\/wp-json\/wp\/v2\/pages\/36","targetHints":{"allow":["GET"]}}],"collection":[{"href":"https:\/\/cesog.net\/index.php\/wp-json\/wp\/v2\/pages"}],"about":[{"href":"https:\/\/cesog.net\/index.php\/wp-json\/wp\/v2\/types\/page"}],"author":[{"embeddable":true,"href":"https:\/\/cesog.net\/index.php\/wp-json\/wp\/v2\/users\/1"}],"replies":[{"embeddable":true,"href":"https:\/\/cesog.net\/index.php\/wp-json\/wp\/v2\/comments?post=36"}],"version-history":[{"count":8,"href":"https:\/\/cesog.net\/index.php\/wp-json\/wp\/v2\/pages\/36\/revisions"}],"predecessor-version":[{"id":756,"href":"https:\/\/cesog.net\/index.php\/wp-json\/wp\/v2\/pages\/36\/revisions\/756"}],"wp:attachment":[{"href":"https:\/\/cesog.net\/index.php\/wp-json\/wp\/v2\/media?parent=36"}],"curies":[{"name":"wp","href":"https:\/\/api.w.org\/{rel}","templated":true}]}}